{"id":30,"date":"2020-08-10T16:34:38","date_gmt":"2020-08-10T14:34:38","guid":{"rendered":"https:\/\/bpl-cz.cz\/?page_id=30"},"modified":"2026-02-03T10:52:37","modified_gmt":"2026-02-03T09:52:37","slug":"about","status":"publish","type":"page","link":"https:\/\/bpl-cz.cz\/en\/about\/","title":{"rendered":"ABOUT"},"content":{"rendered":"<div class=\"gradient\"><\/div>\n<div class=\"project-left about-contact\">\n<h2>WHAT WE DO<\/h2>\n<div class=\"shortcode\"><ul><li>Membrane structures, mechanically or pneumatically prestressed.<\/li><li>Parametric studies of challenging steel structures, building envelopes and canopies.<\/li><li>We have experience designing in Europe, North America, Arabian Peninsula.<\/li><li>We are used to all phases of project development \u2013 from initial sketches, through thorough static calculations and all the way to generating cutting patterns of membrane surfaces.<\/li><li>We believe the most efficient use of today\u2019s powerful IT lies in concept design.<\/li><\/ul><\/div>\n<h2>WHO WE ARE<\/h2>\n<div class=\"shortcode\"><ul><li>Every person is a valued member of our team, encouraged to contribute and recognized for their efforts. Our clients are part of our team.<\/li><li>We play honest and hold ourselves accountable.<\/li><li>We listen and we learn. We are driven to constantly improve.<\/li><li>We are passionate about the work we do.<\/li><li>We hire great people and give them the freedom to innovate and be awesome.<\/li><\/ul><\/div>\n<h2>LEADERSHIP<\/h2>\n<div class=\"contacts\"><img decoding=\"async\" src=\"\/wp-content\/themes\/bpl\/photo\/VRAJ.png\" width=\"90px\" height=\"90px\"><ul><li>Ing. Ji\u0159\u00ed Vraj, Ing\u00e9nieur dipl\u00f4m\u00e9 (ENPC)<\/li><li>CEO of bpl-\u010desko s.r.o.<\/li><li>Bridge engineer by his diploma, however already during his master studies in Paris he focused primarily on parametric modelling and optimization of complex envelopes and structures. Engineering of membrane structures of all kinds was only a logical extension of this focus. In 2019 together with American partners, he co-founded bpl-\u010desko s.r.o.<\/li><\/ul><\/div>\n<div class=\"contacts\"><img decoding=\"async\" src=\"\/wp-content\/themes\/bpl\/photo\/NAVRATIL.png\" width=\"90px\" height=\"90px\"><ul><li>Ing. Boris Navr\u00e1til, PE in Czech Republic<\/li><li>Partner - bpl-\u010desko s.r.o.<\/li><li>After his studies, he started out as an engineer of steel structures for energy industry worldwide (e.g. Chile, Vietnam, Poland). After that he broadened his portfolio by concrete and timber design, including mass timber and cross-laminated timber (CLT). Throughout his career, Boris gained experience in structural assessment and conversions of historical buildings - particularly in Prague, Czech Republic.<\/li><\/ul><\/div>\n<\/div>\n<div class=\"project-right about-contact\">\n<div>\n<h2>CONTACT<\/h2>\n<table id=\"contact\" border=\"0\"><tbody><tr><td><img decoding=\"async\" src=\"https:\/\/bpl-cz.cz\/wp-content\/themes\/bpl\/img\/piktogramy1.svg\" alt=\"ikona-spolecnost\" height=\"24px\"><\/td><td>bpl-\u010desko s.r.o.<br>VAT No CZ08427623<br>managing director<br> Ing. Ji\u0159\u00ed Vraj<\/td><\/tr><tr><td><img decoding=\"async\" src=\"https:\/\/bpl-cz.cz\/wp-content\/themes\/bpl\/img\/piktogramy2.svg\" alt=\"ikona-mail\" height=\"24px\"><\/td><td>hello@bpl-cz.cz<\/td><\/tr>\r\n    <tr><td><img decoding=\"async\" src=\"https:\/\/bpl-cz.cz\/wp-content\/themes\/bpl\/img\/piktogramy3.svg\" alt=\"ikona-telefon\" height=\"24px\"><\/td><td>+420 733 151 170<\/td><\/tr>\r\n    <tr>\r\n        <td><img decoding=\"async\" src=\"https:\/\/bpl-cz.cz\/wp-content\/themes\/bpl\/img\/piktogramy4.svg\" alt=\"ikona-adresa\" height=\"24px\"><\/td>\r\n        <td>\r\n            U Elektr\u00e1rny 12<br>\u010cesk\u00e9 Bud\u011bjovice<br>37001<br>\r\n            <br>\r\n            Wuchterlova 566\/7<br>Praha 6<br>16000<br>\r\n             <br>Czech Republic\r\n        <\/td>\r\n    <\/tr>\r\n\t<tr><td class=\"none_bottom\"><img decoding=\"async\" src=\"https:\/\/bpl-cz.cz\/wp-content\/themes\/bpl\/img\/piktogramy5.svg\" alt=\"ikona-instagram\" height=\"24px\"><\/td><td><a href=\"https:\/\/www.instagram.com\/bplcz\/\" target=\"_blank\">Instagram<\/a><\/td><\/tr>\r\n\t<tr><td><img decoding=\"async\" src=\"https:\/\/bpl-cz.cz\/wp-content\/themes\/bpl\/img\/piktogramy6.svg\" alt=\"ikona-linkedin\" height=\"24px\"><\/td><td><a href=\"https:\/\/www.linkedin.com\/company\/bpl-cz\/\" target=\"_blank\">LinkedIn<\/a><\/td><\/tr>\r\n    <\/tbody><\/table>\n<\/div>\n<\/div>\n","protected":false},"excerpt":{"rendered":"<p>WHAT WE DO WHO WE ARE LEADERSHIP CONTACT<\/p>\n","protected":false},"author":4,"featured_media":0,"parent":0,"menu_order":0,"comment_status":"closed","ping_status":"closed","template":"","meta":{"footnotes":""},"class_list":["post-30","page","type-page","status-publish","hentry"],"_links":{"self":[{"href":"https:\/\/bpl-cz.cz\/en\/wp-json\/wp\/v2\/pages\/30"}],"collection":[{"href":"https:\/\/bpl-cz.cz\/en\/wp-json\/wp\/v2\/pages"}],"about":[{"href":"https:\/\/bpl-cz.cz\/en\/wp-json\/wp\/v2\/types\/page"}],"author":[{"embeddable":true,"href":"https:\/\/bpl-cz.cz\/en\/wp-json\/wp\/v2\/users\/4"}],"replies":[{"embeddable":true,"href":"https:\/\/bpl-cz.cz\/en\/wp-json\/wp\/v2\/comments?post=30"}],"version-history":[{"count":67,"href":"https:\/\/bpl-cz.cz\/en\/wp-json\/wp\/v2\/pages\/30\/revisions"}],"predecessor-version":[{"id":832,"href":"https:\/\/bpl-cz.cz\/en\/wp-json\/wp\/v2\/pages\/30\/revisions\/832"}],"wp:attachment":[{"href":"https:\/\/bpl-cz.cz\/en\/wp-json\/wp\/v2\/media?parent=30"}],"curies":[{"name":"wp","href":"https:\/\/api.w.org\/{rel}","templated":true}]}}